{"id":14,"date":"2010-05-31T07:46:48","date_gmt":"2010-05-31T07:46:48","guid":{"rendered":"http:\/\/wl31www677.webland.ch\/?page_id=14"},"modified":"2010-06-17T14:35:53","modified_gmt":"2010-06-17T14:35:53","slug":"gewinde-schneiden","status":"publish","type":"page","link":"https:\/\/www.inauen-ag.ch\/?page_id=14","title":{"rendered":"GEWINDE ROLLEN"},"content":{"rendered":"<h2>GEWINDE ROLLEN<\/h2>\n<p>Gewinderollen, oft  auch Gewindewalzen genannt, ist die spanlose Fertigung von Gewinden durch Kaltumformung,  bei der das Profil in die Oberfl\u00e4che des entsprechenden Rohteils gewalzt wird.<\/p>\n<p>Diese Umformung ist wesentlich schneller und bei gro\u00dfen St\u00fcckzahlen kosteng\u00fcnstiger als andere Methoden zur Herstellung von Gewinden (z.Bsp. Gewindeschneiden).<\/p>\n<p>Wir k\u00f6nnen auch R\u00e4ndelungen mit diesem Verfahren herstellen.<\/p>\n<p><strong><br \/>\nWeitere Vorteile des Gewindewalzens:<\/strong><\/p>\n<ul>\n<li>Die Korngrenzen werden anders als beim Schneiden nicht unterbrochen<\/li>\n<li>Durch die Kaltverformung wird eine Oberfl\u00e4chenverfestigung erreicht<\/li>\n<li>Presspolierte Gewindeflanken<\/li>\n<li>H\u00f6here Verschlei\u00dffestigkeit<\/li>\n<li>Keine Sp\u00e4ne, dadurch geringerer Materialbedarf<\/li>\n<\/ul>\n","protected":false},"excerpt":{"rendered":"<p>GEWINDE ROLLEN Gewinderollen, oft auch Gewindewalzen genannt, ist die spanlose Fertigung von Gewinden durch Kaltumformung, bei der das Profil in die Oberfl\u00e4che des entsprechenden Rohteils gewalzt wird. Diese Umformung ist wesentlich schneller und bei gro\u00dfen St\u00fcckzahlen kosteng\u00fcnstiger als andere Methoden zur Herstellung von Gewinden (z.Bsp. Gewindeschneiden). Wir k\u00f6nnen auch R\u00e4ndelungen mit diesem Verfahren herstellen. Weitere [&hellip;]<\/p>\n","protected":false},"author":1,"featured_media":0,"parent":4,"menu_order":15,"comment_status":"open","ping_status":"open","template":"basic_tmp.php","meta":{"footnotes":""},"class_list":["post-14","page","type-page","status-publish","hentry"],"_links":{"self":[{"href":"https:\/\/www.inauen-ag.ch\/index.php?rest_route=\/wp\/v2\/pages\/14","targetHints":{"allow":["GET"]}}],"collection":[{"href":"https:\/\/www.inauen-ag.ch\/index.php?rest_route=\/wp\/v2\/pages"}],"about":[{"href":"https:\/\/www.inauen-ag.ch\/index.php?rest_route=\/wp\/v2\/types\/page"}],"author":[{"embeddable":true,"href":"https:\/\/www.inauen-ag.ch\/index.php?rest_route=\/wp\/v2\/users\/1"}],"replies":[{"embeddable":true,"href":"https:\/\/www.inauen-ag.ch\/index.php?rest_route=%2Fwp%2Fv2%2Fcomments&post=14"}],"version-history":[{"count":8,"href":"https:\/\/www.inauen-ag.ch\/index.php?rest_route=\/wp\/v2\/pages\/14\/revisions"}],"predecessor-version":[{"id":201,"href":"https:\/\/www.inauen-ag.ch\/index.php?rest_route=\/wp\/v2\/pages\/14\/revisions\/201"}],"up":[{"embeddable":true,"href":"https:\/\/www.inauen-ag.ch\/index.php?rest_route=\/wp\/v2\/pages\/4"}],"wp:attachment":[{"href":"https:\/\/www.inauen-ag.ch\/index.php?rest_route=%2Fwp%2Fv2%2Fmedia&parent=14"}],"curies":[{"name":"wp","href":"https:\/\/api.w.org\/{rel}","templated":true}]}}