{"id":6,"date":"2010-05-31T07:45:34","date_gmt":"2010-05-31T07:45:34","guid":{"rendered":"http:\/\/wl31www677.webland.ch\/?page_id=6"},"modified":"2019-01-15T15:34:15","modified_gmt":"2019-01-15T15:34:15","slug":"drehen","status":"publish","type":"page","link":"https:\/\/www.inauen-ag.ch\/?page_id=6","title":{"rendered":"CNC REVOLVERDREHEN"},"content":{"rendered":"<h2>CNC REVOLVERDREHEN<\/h2>\n<p>Wir liefern Ihnen einbaufertige Pr\u00e4zisionsdrehteile, die perfekt auf Ihre Bed\u00fcrfnisse abgestimmt sind. Bei einem pers\u00f6nlichen Gespr\u00e4ch filtern wir Ihre W\u00fcnsche heraus und erarbeiten zusammen mit Ihnen ein ausgefeiltes Produkt, das durch unseren riesigen Maschinenpark optimal gefertigt wird.<\/p>\n<p>Unsere Automaten k\u00f6nnen Teile wie folgt bearbeiten:<\/p>\n<ul>\n<li>max L\u00e4nge: je nach Werkst\u00fcck und Bearbeitung 350 mm<\/li>\n<li>Durchmesserbereich: 5 &#8211; 65 mm<\/li>\n<li>zus\u00e4tzliche Arbeitschritte: Fr\u00e4sen, Querbohrungen, Keilnuten,  6-Kant, 4-Kant, etc.<\/li>\n<\/ul>\n<p><a href=\"\/wp-content\/uploads\/2010\/05\/c2.jpg\"><img loading=\"lazy\" decoding=\"async\" class=\"alignnone size-medium wp-image-123\" title=\"CNC Revolverdrehteile von Inauen Dreherei AG Au\/SG\" src=\"http:\/\/wl31www677.webland.ch\/wp-content\/uploads\/2010\/05\/c2-361x300.jpg\" alt=\"\" width=\"361\" height=\"300\" srcset=\"https:\/\/www.inauen-ag.ch\/wp-content\/uploads\/2010\/05\/c2-361x300.jpg 361w, https:\/\/www.inauen-ag.ch\/wp-content\/uploads\/2010\/05\/c2.jpg 773w\" sizes=\"auto, (max-width: 361px) 100vw, 361px\" \/><\/a><\/p>\n","protected":false},"excerpt":{"rendered":"<p>CNC REVOLVERDREHEN Wir liefern Ihnen einbaufertige Pr\u00e4zisionsdrehteile, die perfekt auf Ihre Bed\u00fcrfnisse abgestimmt sind. Bei einem pers\u00f6nlichen Gespr\u00e4ch filtern wir Ihre W\u00fcnsche heraus und erarbeiten zusammen mit Ihnen ein ausgefeiltes Produkt, das durch unseren riesigen Maschinenpark optimal gefertigt wird. Unsere Automaten k\u00f6nnen Teile wie folgt bearbeiten: max L\u00e4nge: je nach Werkst\u00fcck und Bearbeitung 350 mm [&hellip;]<\/p>\n","protected":false},"author":1,"featured_media":0,"parent":4,"menu_order":2,"comment_status":"open","ping_status":"open","template":"basic_tmp.php","meta":{"footnotes":""},"class_list":["post-6","page","type-page","status-publish","hentry"],"_links":{"self":[{"href":"https:\/\/www.inauen-ag.ch\/index.php?rest_route=\/wp\/v2\/pages\/6","targetHints":{"allow":["GET"]}}],"collection":[{"href":"https:\/\/www.inauen-ag.ch\/index.php?rest_route=\/wp\/v2\/pages"}],"about":[{"href":"https:\/\/www.inauen-ag.ch\/index.php?rest_route=\/wp\/v2\/types\/page"}],"author":[{"embeddable":true,"href":"https:\/\/www.inauen-ag.ch\/index.php?rest_route=\/wp\/v2\/users\/1"}],"replies":[{"embeddable":true,"href":"https:\/\/www.inauen-ag.ch\/index.php?rest_route=%2Fwp%2Fv2%2Fcomments&post=6"}],"version-history":[{"count":14,"href":"https:\/\/www.inauen-ag.ch\/index.php?rest_route=\/wp\/v2\/pages\/6\/revisions"}],"predecessor-version":[{"id":238,"href":"https:\/\/www.inauen-ag.ch\/index.php?rest_route=\/wp\/v2\/pages\/6\/revisions\/238"}],"up":[{"embeddable":true,"href":"https:\/\/www.inauen-ag.ch\/index.php?rest_route=\/wp\/v2\/pages\/4"}],"wp:attachment":[{"href":"https:\/\/www.inauen-ag.ch\/index.php?rest_route=%2Fwp%2Fv2%2Fmedia&parent=6"}],"curies":[{"name":"wp","href":"https:\/\/api.w.org\/{rel}","templated":true}]}}